{"id":22,"date":"2020-08-13T11:48:27","date_gmt":"2020-08-13T09:48:27","guid":{"rendered":"http:\/\/www.datastore-5.com\/netvox-courtier-5\/?page_id=22"},"modified":"2023-08-10T11:10:31","modified_gmt":"2023-08-10T09:10:31","slug":"accueil","status":"publish","type":"page","link":"https:\/\/www.datastore-5.com\/netvox-courtier-5\/","title":{"rendered":"Accueil"},"content":{"rendered":"<p>[vc_row full_width=\u00a0\u00bbstretch_row_content\u00a0\u00bb content_placement=\u00a0\u00bbmiddle\u00a0\u00bb custom_svg_color=\u00a0\u00bb#ffffff\u00a0\u00bb el_class=\u00a0\u00bbsgnx-page-header sgnx-page-header-home\u00a0\u00bb css=\u00a0\u00bb.vc_custom_1674811587594{background-position: center !important;background-repeat: no-repeat !important;background-size: cover !important;}\u00a0\u00bb][vc_column el_class=\u00a0\u00bbsg-col-1-row-home\u00a0\u00bb offset=\u00a0\u00bbvc_col-lg-6 vc_col-md-6&Prime;][sgnx_spacer spacer_size=\u00a0\u00bbsgnx-spacer&#8211;md\u00a0\u00bb][sgnx_svg_lines][vc_custom_heading text=\u00a0\u00bbVotre assurance \u00e0 Lyon\u00a0\u00bb font_container=\u00a0\u00bbtag:div|text_align:left\u00a0\u00bb use_theme_fonts=\u00a0\u00bbyes\u00a0\u00bb el_class=\u00a0\u00bbsgnx-surtitle text-color-primary sgnx-surtitle-uppercase\u00a0\u00bb][vc_custom_heading text=\u00a0\u00bbA la recherche d\u2019une assurance personnalis\u00e9e ?\u00a0\u00bb font_container=\u00a0\u00bbtag:h1|text_align:left\u00a0\u00bb use_theme_fonts=\u00a0\u00bbyes\u00a0\u00bb][vc_column_text]Bienvenue sur Agence Assurances, votre courtier en assurance de confiance !<\/p>\n<p>Prot\u00e9ger ce qui vous est cher est notre priorit\u00e9. Nous comprenons que l&rsquo;assurance est un \u00e9l\u00e9ment cl\u00e9 pour garantir votre tranquillit\u00e9 d&rsquo;esprit et celle de vos proches.<\/p>\n<p>En tant que courtier en assurance exp\u00e9riment\u00e9, nous sommes l\u00e0 pour vous aider \u00e0 obtenir la meilleure couverture d&rsquo;assurance qui r\u00e9pond \u00e0 vos besoins sp\u00e9cifiques.[\/vc_column_text][vc_btn title=\u00a0\u00bbDemander un devis\u00a0\u00bb style=\u00a0\u00bbflat\u00a0\u00bb shape=\u00a0\u00bbsquare\u00a0\u00bb color=\u00a0\u00bbsgnx-secondary\u00a0\u00bb align=\u00a0\u00bbleft\u00a0\u00bb link=\u00a0\u00bburl:https%3A%2F%2Fwww.datastore-5.com%2Fnetvox-courtier-5%2Fdemander-un-devis%2F|title:Devis%20en%20ligne\u00a0\u00bb][\/vc_column][vc_column css=\u00a0\u00bb.vc_custom_1675680554828{background-position: center !important;background-repeat: no-repeat !important;background-size: cover !important;}\u00a0\u00bb offset=\u00a0\u00bbvc_col-lg-6 vc_col-md-6&Prime;][vc_row_inner css=\u00a0\u00bb.vc_custom_1677494371510{background-image: url(http:\/\/www.datastore-5.com\/netvox-courtier-5\/wp-content\/uploads\/2023\/02\/190095236_s-1.png?id=4867) !important;background-position: center !important;background-repeat: no-repeat !important;background-size: cover !important;}\u00a0\u00bb][vc_column_inner css=\u00a0\u00bb.vc_custom_1674812217430{padding-left: 0px !important;}\u00a0\u00bb][vc_empty_space height=\u00a0\u00bb280px\u00a0\u00bb el_class=\u00a0\u00bbd-block d-md-none\u00a0\u00bb][vc_empty_space height=\u00a0\u00bb70vh\u00a0\u00bb el_class=\u00a0\u00bbd-none d-md-block\u00a0\u00bb][\/vc_column_inner][\/vc_row_inner][vc_row_inner el_class=\u00a0\u00bbbg-gradient-primary sgnx-row-3-svc\u00a0\u00bb css=\u00a0\u00bb.vc_custom_1675326229669{padding-top: 7% !important;padding-right: 7% !important;padding-bottom: 7% !important;padding-left: 7% !important;}\u00a0\u00bb][vc_column_inner width=\u00a0\u00bb1\/3&Prime; offset=\u00a0\u00bbvc_col-xs-4&Prime;][vc_single_image image=\u00a0\u00bb4836&Prime; img_size=\u00a0\u00bb50&#215;50&Prime; alignment=\u00a0\u00bbcenter\u00a0\u00bb css=\u00a0\u00bb.vc_custom_1677165006718{margin-bottom: 20px !important;}\u00a0\u00bb][vc_custom_heading text=\u00a0\u00bbDemandez<br \/>\nun devis\u00a0\u00bb font_container=\u00a0\u00bbtag:h2|text_align:center|color:%23ffffff\u00a0\u00bb use_theme_fonts=\u00a0\u00bbyes\u00a0\u00bb el_class=\u00a0\u00bbtext-color-white h6&Prime;][\/vc_column_inner][vc_column_inner width=\u00a0\u00bb1\/3&Prime; offset=\u00a0\u00bbvc_col-xs-4&Prime;][vc_single_image image=\u00a0\u00bb4837&Prime; img_size=\u00a0\u00bb50&#215;50&Prime; alignment=\u00a0\u00bbcenter\u00a0\u00bb css=\u00a0\u00bb.vc_custom_1677165125766{margin-bottom: 20px !important;}\u00a0\u00bb][vc_custom_heading text=\u00a0\u00bbOffre<br \/>\npersonnalis\u00e9e\u00a0\u00bb font_container=\u00a0\u00bbtag:h2|text_align:center|color:%23ffffff\u00a0\u00bb use_theme_fonts=\u00a0\u00bbyes\u00a0\u00bb el_class=\u00a0\u00bbtext-color-white h6&Prime;][\/vc_column_inner][vc_column_inner width=\u00a0\u00bb1\/3&Prime; offset=\u00a0\u00bbvc_col-xs-4&Prime;][vc_single_image image=\u00a0\u00bb4838&Prime; img_size=\u00a0\u00bb50&#215;50&Prime; alignment=\u00a0\u00bbcenter\u00a0\u00bb css=\u00a0\u00bb.vc_custom_1677165169709{margin-bottom: 20px !important;}\u00a0\u00bb][vc_custom_heading text=\u00a0\u00bbSouscription<br \/>\nrapide\u00a0\u00bb font_container=\u00a0\u00bbtag:h2|text_align:center|color:%23ffffff\u00a0\u00bb use_theme_fonts=\u00a0\u00bbyes\u00a0\u00bb el_class=\u00a0\u00bbtext-color-white h6&Prime;][\/vc_column_inner][\/vc_row_inner][\/vc_column][\/vc_row][vc_row full_width=\u00a0\u00bbstretch_row\u00a0\u00bb svg_shapes=\u00a0\u00bb%5B%7B%22shape%22%3A%22four-lines%22%2C%22v-pos%22%3A%22top%22%2C%22h-pos%22%3A%22left%22%2C%22color%22%3A%22light%22%7D%5D\u00a0\u00bb add_svg_shapes=\u00a0\u00bbtrue\u00a0\u00bb custom_svg_color=\u00a0\u00bb#ffffff\u00a0\u00bb][vc_column][sgnx_spacer spacer_size=\u00a0\u00bbsgnx-spacer&#8211;md\u00a0\u00bb][vc_custom_heading text=\u00a0\u00bbD\u00e9couvrez\u00a0\u00bb font_container=\u00a0\u00bbtag:div|text_align:left\u00a0\u00bb use_theme_fonts=\u00a0\u00bbyes\u00a0\u00bb el_class=\u00a0\u00bbsgnx-surtitle text-color-primary\u00a0\u00bb][vc_custom_heading text=\u00a0\u00bbNos offres particuliers\u00a0\u00bb use_theme_fonts=\u00a0\u00bbyes\u00a0\u00bb][sgnx_offer_grid sgnx_filter_ref=\u00a0\u00bbcat\u00a0\u00bb max_items=\u00a0\u00bb-1&Prime; sgnx_template=\u00a0\u00bbtiles-grid-3&Prime; sgnx_filter=\u00a0\u00bbassurances-particuliers\u00a0\u00bb][sgnx_spacer spacer_size=\u00a0\u00bbsgnx-spacer&#8211;sm\u00a0\u00bb][vc_custom_heading text=\u00a0\u00bbD\u00e9couvrez\u00a0\u00bb font_container=\u00a0\u00bbtag:div|text_align:left\u00a0\u00bb use_theme_fonts=\u00a0\u00bbyes\u00a0\u00bb el_class=\u00a0\u00bbsgnx-surtitle text-color-primary\u00a0\u00bb][vc_custom_heading text=\u00a0\u00bbNos offres professionnels et entreprises\u00a0\u00bb use_theme_fonts=\u00a0\u00bbyes\u00a0\u00bb][sgnx_offer_grid sgnx_filter_ref=\u00a0\u00bbcat\u00a0\u00bb max_items=\u00a0\u00bb-1&Prime; sgnx_template=\u00a0\u00bbtiles-grid-3&Prime; sgnx_filter=\u00a0\u00bbassurances-professionnels\u00a0\u00bb][\/vc_column][\/vc_row][vc_row full_width=\u00a0\u00bbstretch_row\u00a0\u00bb svg_shapes=\u00a0\u00bb%5B%7B%22shape%22%3A%22four-lines%22%2C%22v-pos%22%3A%22bottom%22%2C%22h-pos%22%3A%22right%22%2C%22color%22%3A%22white%22%2C%22sgnx_d_none_sm%22%3A%22true%22%7D%5D\u00a0\u00bb add_svg_shapes=\u00a0\u00bbtrue\u00a0\u00bb custom_svg_color=\u00a0\u00bb#ffffff\u00a0\u00bb][vc_column width=\u00a0\u00bb1\/3&Prime;][\/vc_column][vc_column width=\u00a0\u00bb2\/3&Prime; el_class=\u00a0\u00bbsgnx-bg-color-light sgnx-bg-color-light-before-right sg-cta-mneg-desktop sg-cta-grey-devis\u00a0\u00bb][vc_custom_heading text=\u00a0\u00bbVotre devis en quelques clics\u00a0\u00bb use_theme_fonts=\u00a0\u00bbyes\u00a0\u00bb][vc_column_text]Pour vous aider \u00e0 obtenir une assurance sur mesure qui correspond \u00e0 vos besoins, nous vous invitons \u00e0 remplir le formulaire ci-dessous pour recevoir un devis gratuit.[\/vc_column_text][vc_btn title=\u00a0\u00bbDemander un devis\u00a0\u00bb style=\u00a0\u00bbflat\u00a0\u00bb shape=\u00a0\u00bbsquare\u00a0\u00bb color=\u00a0\u00bbsgnx-primary\u00a0\u00bb align=\u00a0\u00bbleft\u00a0\u00bb link=\u00a0\u00bburl:https%3A%2F%2Fwww.datastore-5.com%2Fnetvox-courtier-5%2Fdemander-un-devis%2F|title:Demander%20un%20devis\u00a0\u00bb css=\u00a0\u00bb.vc_custom_1677494482432{margin-bottom: 0px !important;}\u00a0\u00bb][\/vc_column][\/vc_row][vc_row full_width=\u00a0\u00bbstretch_row_content_no_spaces\u00a0\u00bb][vc_column css=\u00a0\u00bb.vc_custom_1677494116407{padding: 0px !important;}\u00a0\u00bb][sgnx_slider][sgnx_slider_item bg_image=\u00a0\u00bb625&Prime; text_btn=\u00a0\u00bb\u00a0\u00bb bg_color_overlay=\u00a0\u00bbrgba(0,0,0,0.2)\u00a0\u00bb surtitle=\u00a0\u00bbL\u2019assurance auto pour tous les besoins\u00a0\u00bb title=\u00a0\u00bbAssurance automobile\u00a0\u00bb link_btn=\u00a0\u00bburl:https%3A%2F%2Fwww.datastore-5.com%2Fnetvox-courtier-5%2Fnos-offres%2Fassurances-particuliers%2Fassurance-auto%2F|title:Assurance%20auto\u00a0\u00bb][\/sgnx_slider_item][sgnx_slider_item bg_image=\u00a0\u00bb372&Prime; text_btn=\u00a0\u00bb\u00a0\u00bb bg_color_overlay=\u00a0\u00bbrgba(0,0,0,0.2)\u00a0\u00bb surtitle=\u00a0\u00bbVotre courtier s\u2019occupe de tout\u00a0\u00bb title=\u00a0\u00bbAssurance Habitation\u00a0\u00bb link_btn=\u00a0\u00bburl:https%3A%2F%2Fwww.datastore-5.com%2Fnetvox-courtier-5%2Fnos-offres%2Fassurances-particuliers%2Fassurance-habitation%2F|title:Assurance%20habitation\u00a0\u00bb][\/sgnx_slider_item][\/sgnx_slider][\/vc_column][\/vc_row][vc_row full_width=\u00a0\u00bbstretch_row_content\u00a0\u00bb equal_height=\u00a0\u00bbyes\u00a0\u00bb][vc_column el_class=\u00a0\u00bbbg-color-primary-darken\u00a0\u00bb css=\u00a0\u00bb.vc_custom_1675680143753{padding-top: 60px !important;padding-right: 30px !important;padding-bottom: 60px !important;padding-left: 30px !important;}\u00a0\u00bb offset=\u00a0\u00bbvc_col-lg-6 vc_col-xs-12&Prime;][vc_custom_heading text=\u00a0\u00bbD\u00e9couvrez\u00a0\u00bb font_container=\u00a0\u00bbtag:div|text_align:left\u00a0\u00bb use_theme_fonts=\u00a0\u00bbyes\u00a0\u00bb el_class=\u00a0\u00bbsgnx-surtitle text-color-primary\u00a0\u00bb][vc_custom_heading text=\u00a0\u00bbNotre agence\u00a0\u00bb font_container=\u00a0\u00bbtag:h2|text_align:left|color:%23ffffff\u00a0\u00bb use_theme_fonts=\u00a0\u00bbyes\u00a0\u00bb][vc_column_text el_class=\u00a0\u00bbsgnx-text-color-white\u00a0\u00bb]Proin eget tortor risus. Nulla porttitor accumsan tincidunt. Vestibulum ante ipsum primis in faucibus orci luctus et ultrices posuere cubilia auctor sit amet aliquam vel.[\/vc_column_text][\/vc_column][vc_column width=\u00a0\u00bb1\/2&Prime; el_class=\u00a0\u00bbbg-gradient-primary d-flex align-items-center\u00a0\u00bb css=\u00a0\u00bb.vc_custom_1675680153090{padding-top: 30px !important;padding-right: 30px !important;padding-bottom: 30px !important;padding-left: 30px !important;}\u00a0\u00bb offset=\u00a0\u00bbvc_col-lg-3&Prime;][vc_custom_heading text=\u00a0\u00bbNous contacter\u00a0\u00bb font_container=\u00a0\u00bbtag:div|text_align:left|color:%23ffffff\u00a0\u00bb use_theme_fonts=\u00a0\u00bbyes\u00a0\u00bb el_class=\u00a0\u00bbsgnx-surtitle sgnx-surtitle-uppercase sgnx-fw-700&Prime; css=\u00a0\u00bb.vc_custom_1675089303222{margin-bottom: 30px !important;}\u00a0\u00bb][sgnx_iconlist icon_color=\u00a0\u00bbcustom\u00a0\u00bb text_color=\u00a0\u00bbcustom\u00a0\u00bb icon=\u00a0\u00bbvc-material vc-material-phone\u00a0\u00bb custom_icon_color=\u00a0\u00bb#ffffff\u00a0\u00bb custom_text_color=\u00a0\u00bb#ffffff\u00a0\u00bb el_class=\u00a0\u00bbsgnx-ttu\u00a0\u00bb]<\/p>\n<ul>\n<li>01 00 00 00 00<\/li>\n<\/ul>\n<p>[\/sgnx_iconlist][sgnx_iconlist icon_color=\u00a0\u00bbcustom\u00a0\u00bb text_color=\u00a0\u00bbcustom\u00a0\u00bb icon=\u00a0\u00bbvc-material vc-material-mail_outline\u00a0\u00bb custom_icon_color=\u00a0\u00bb#ffffff\u00a0\u00bb custom_text_color=\u00a0\u00bb#ffffff\u00a0\u00bb el_class=\u00a0\u00bbsgnx-ttu\u00a0\u00bb]<\/p>\n<ul>\n<li>test@mail.test<\/li>\n<\/ul>\n<p>[\/sgnx_iconlist][sgnx_iconlist icon_color=\u00a0\u00bbcustom\u00a0\u00bb text_color=\u00a0\u00bbcustom\u00a0\u00bb icon=\u00a0\u00bbvc-material vc-material-person_pin_circle\u00a0\u00bb el_class=\u00a0\u00bblist-icon-address sgnx-ttu\u00a0\u00bb custom_icon_color=\u00a0\u00bb#ffffff\u00a0\u00bb custom_text_color=\u00a0\u00bb#ffffff\u00a0\u00bb]<\/p>\n<ul>\n<li>375 avenue de l&rsquo;Europe<br \/>\n69004 Lyon<\/li>\n<\/ul>\n<p>[\/sgnx_iconlist][\/vc_column][vc_column width=\u00a0\u00bb1\/2&Prime; css=\u00a0\u00bb.vc_custom_1677166081358{margin-left: -15px !important;background-image: url(http:\/\/www.datastore-5.com\/netvox-courtier-5\/wp-content\/uploads\/2023\/02\/154510430_l-1-1.png?id=4842) !important;background-position: center !important;background-repeat: no-repeat !important;background-size: cover !important;}\u00a0\u00bb offset=\u00a0\u00bbvc_col-lg-3&Prime;][vc_empty_space height=\u00a0\u00bb310px\u00a0\u00bb][\/vc_column][\/vc_row][vc_row full_width=\u00a0\u00bbstretch_row\u00a0\u00bb equal_height=\u00a0\u00bbyes\u00a0\u00bb][vc_column svg_shapes=\u00a0\u00bb%5B%7B%22shape%22%3A%22five-lines%22%2C%22v-pos%22%3A%22bottom-outer%22%2C%22h-pos%22%3A%22right%22%2C%22color%22%3A%22gradient-primary%22%2C%22sgnx_d_none_sm%22%3A%22true%22%7D%5D\u00a0\u00bb add_svg_shapes=\u00a0\u00bbtrue\u00a0\u00bb css=\u00a0\u00bb.vc_custom_1683815474968{padding-top: 60px !important;padding-right: 30px !important;padding-bottom: 60px !important;padding-left: 30px !important;}\u00a0\u00bb el_class=\u00a0\u00bbsg-h-100-inner sg-pr-0&Prime; offset=\u00a0\u00bbvc_col-lg-6&Prime;][vc_gmaps link=\u00a0\u00bb#E-8_JTNDaWZyYW1lJTIwc3JjJTNEJTIyaHR0cHMlM0ElMkYlMkZ3d3cuZ29vZ2xlLmNvbSUyRm1hcHMlMkZlbWJlZCUzRnBiJTNEJTIxMW0xOCUyMTFtMTIlMjExbTMlMjExZDYzMDQuODI5OTg2MTMxMjcxJTIxMmQtMTIyLjQ3NDY5NjgwMzMwOTIlMjEzZDM3LjgwMzc0NzUyMTYwNDQzJTIxMm0zJTIxMWYwJTIxMmYwJTIxM2YwJTIxM20yJTIxMWkxMDI0JTIxMmk3NjglMjE0ZjEzLjElMjEzbTMlMjExbTIlMjExczB4ODA4NTg2ZTYzMDI2MTVhMSUyNTNBMHg4NmJkMTMwMjUxNzU3YzAwJTIxMnNTdG9yZXklMkJBdmUlMjUyQyUyQlNhbiUyQkZyYW5jaXNjbyUyNTJDJTJCQ0ElMkI5NDEyOSUyMTVlMCUyMTNtMiUyMTFzZW4lMjEyc3VzJTIxNHYxNDM1ODI2NDMyMDUxJTIyJTIwd2lkdGglM0QlMjI2MDAlMjIlMjBoZWlnaHQlM0QlMjI0NTAlMjIlMjBmcmFtZWJvcmRlciUzRCUyMjAlMjIlMjBzdHlsZSUzRCUyMmJvcmRlciUzQTAlMjIlMjBhbGxvd2Z1bGxzY3JlZW4lM0UlM0MlMkZpZnJhbWUlM0U=\u00a0\u00bb el_class=\u00a0\u00bbsg-map-absolute\u00a0\u00bb][vc_empty_space height=\u00a0\u00bb200px\u00a0\u00bb el_class=\u00a0\u00bbd-block d-md-none\u00a0\u00bb][\/vc_column][vc_column css=\u00a0\u00bb.vc_custom_1675680217154{padding-right: 40px !important;padding-left: 40px !important;}\u00a0\u00bb offset=\u00a0\u00bbvc_col-lg-6&Prime;][sgnx_spacer spacer_size=\u00a0\u00bbsgnx-spacer&#8211;md\u00a0\u00bb][vc_custom_heading text=\u00a0\u00bbPourquoi\u00a0\u00bb font_container=\u00a0\u00bbtag:div|text_align:left\u00a0\u00bb use_theme_fonts=\u00a0\u00bbyes\u00a0\u00bb el_class=\u00a0\u00bbsgnx-surtitle text-color-primary\u00a0\u00bb][vc_custom_heading text=\u00a0\u00bbNous choisir ?\u00a0\u00bb use_theme_fonts=\u00a0\u00bbyes\u00a0\u00bb][vc_column_text]Proin eget tortor risus. Nulla porttitor accumsan tincidunt. Vestibulum ante ipsum primis in faucibus orci luctus et ultrices posuere cubilia auctor sit amet aliquam vel.[\/vc_column_text][sgnx_iconlist icon=\u00a0\u00bbvc-material vc-material-check\u00a0\u00bb icon_size=\u00a0\u00bb18px\u00a0\u00bb]<\/p>\n<ul>\n<li>Notre expertise et connaissance approfondie du march\u00e9<\/li>\n<li>Nos solutions d&rsquo;assurance personnalis\u00e9es<\/li>\n<li>Notre service client de qualit\u00e9<\/li>\n<li>La transparence dans le traitement de vos dossiers<\/li>\n<\/ul>\n<p>[\/sgnx_iconlist][sgnx_spacer spacer_size=\u00a0\u00bbsgnx-spacer&#8211;sm\u00a0\u00bb][vc_btn title=\u00a0\u00bbNous contacter\u00a0\u00bb style=\u00a0\u00bbflat\u00a0\u00bb shape=\u00a0\u00bbsquare\u00a0\u00bb color=\u00a0\u00bbsgnx-primary-darken\u00a0\u00bb align=\u00a0\u00bbleft\u00a0\u00bb link=\u00a0\u00bburl:https%3A%2F%2Fwww.datastore-5.com%2Fnetvox-courtier-5%2Fcontact%2F|title:Contact\u00a0\u00bb][vc_btn title=\u00a0\u00bbPrendre rendez-vous\u00a0\u00bb style=\u00a0\u00bbflat\u00a0\u00bb shape=\u00a0\u00bbsquare\u00a0\u00bb color=\u00a0\u00bbsgnx-primary\u00a0\u00bb align=\u00a0\u00bbleft\u00a0\u00bb link=\u00a0\u00bburl:%23|title:prendre%20rendez-vous\u00a0\u00bb el_class=\u00a0\u00bbsgnx-popup-call-wcb\u00a0\u00bb][\/vc_column][\/vc_row][vc_row][vc_column][sgnx_spacer spacer_size=\u00a0\u00bbsgnx-spacer&#8211;md\u00a0\u00bb][\/vc_column][\/vc_row][vc_row full_width=\u00a0\u00bbstretch_row\u00a0\u00bb el_class=\u00a0\u00bbsg-testimonial-row\u00a0\u00bb][vc_column width=\u00a0\u00bb1\/2&Prime; svg_shapes=\u00a0\u00bb%5B%7B%22shape%22%3A%22five-lines%22%2C%22v-pos%22%3A%22bottom-outer%22%2C%22h-pos%22%3A%22left%22%2C%22color%22%3A%22gradient-primary%22%2C%22sgnx_d_none_sm%22%3A%22true%22%7D%5D\u00a0\u00bb add_svg_shapes=\u00a0\u00bbtrue\u00a0\u00bb][vc_custom_heading text=\u00a0\u00bbAvis\u00a0\u00bb font_container=\u00a0\u00bbtag:div|text_align:left\u00a0\u00bb use_theme_fonts=\u00a0\u00bbyes\u00a0\u00bb el_class=\u00a0\u00bbsgnx-surtitle text-color-primary\u00a0\u00bb][vc_custom_heading text=\u00a0\u00bbT\u00e9moignages de nos clients\u00a0\u00bb use_theme_fonts=\u00a0\u00bbyes\u00a0\u00bb][vc_single_image image=\u00a0\u00bb4844&Prime; img_size=\u00a0\u00bbfull\u00a0\u00bb css=\u00a0\u00bb.vc_custom_1677166395650{margin-bottom: 0px !important;}\u00a0\u00bb][\/vc_column][vc_column width=\u00a0\u00bb1\/2&Prime; svg_shapes=\u00a0\u00bb%5B%7B%22shape%22%3A%22five-lines%22%2C%22v-pos%22%3A%22top-outer%22%2C%22h-pos%22%3A%22right%22%2C%22color%22%3A%22gradient-light%22%2C%22sgnx_d_none_sm%22%3A%22true%22%7D%5D\u00a0\u00bb add_svg_shapes=\u00a0\u00bbtrue\u00a0\u00bb css=\u00a0\u00bb.vc_custom_1675412154532{padding-top: 0px !important;padding-right: 30px !important;padding-bottom: 60px !important;padding-left: 30px !important;}\u00a0\u00bb][sgnx_testimonials_list max_items=\u00a0\u00bb10&Prime; sgnx_template=\u00a0\u00bbgrid-special-3&Prime;][\/vc_column][\/vc_row][vc_row full_width=\u00a0\u00bbstretch_row\u00a0\u00bb sgnx_bg_color=\u00a0\u00bblight\u00a0\u00bb sgnx_svg_color=\u00a0\u00bbdark\u00a0\u00bb custom_svg_color=\u00a0\u00bb#3a3a3a\u00a0\u00bb][vc_column][sgnx_spacer spacer_size=\u00a0\u00bbsgnx-spacer&#8211;md\u00a0\u00bb][vc_row_inner][vc_column_inner][vc_custom_heading text=\u00a0\u00bbD\u00e9couvrez\u00a0\u00bb font_container=\u00a0\u00bbtag:div|text_align:center\u00a0\u00bb use_theme_fonts=\u00a0\u00bbyes\u00a0\u00bb el_class=\u00a0\u00bbsgnx-surtitle text-color-primary\u00a0\u00bb][vc_custom_heading text=\u00a0\u00bbNos actualit\u00e9s\u00a0\u00bb font_container=\u00a0\u00bbtag:h2|text_align:center\u00a0\u00bb use_theme_fonts=\u00a0\u00bbyes\u00a0\u00bb css=\u00a0\u00bb.vc_custom_1597740693255{margin-bottom: 50px !important;}\u00a0\u00bb][vc_basic_grid post_type=\u00a0\u00bbpost\u00a0\u00bb max_items=\u00a0\u00bb3&Prime; item=\u00a0\u00bb93&Prime; initial_loading_animation=\u00a0\u00bbnone\u00a0\u00bb grid_id=\u00a0\u00bbvc_gid:1691658553608-f7ade873-0e31-8&Prime; el_class=\u00a0\u00bbsgnx-actus-slider-sm\u00a0\u00bb][vc_btn title=\u00a0\u00bbVoir toutes les actualit\u00e9s\u00a0\u00bb style=\u00a0\u00bbflat\u00a0\u00bb shape=\u00a0\u00bbsquare\u00a0\u00bb color=\u00a0\u00bbsgnx-primary\u00a0\u00bb align=\u00a0\u00bbcenter\u00a0\u00bb link=\u00a0\u00bburl:http%3A%2F%2Fwww.datastore-5.com%2Fnetvox-courtier-5%2Factualites%2F|title:Actualit%C3%A9s\u00a0\u00bb][\/vc_column_inner][\/vc_row_inner][sgnx_spacer spacer_size=\u00a0\u00bbsgnx-spacer&#8211;lg\u00a0\u00bb][\/vc_column][\/vc_row]<\/p>\n","protected":false},"excerpt":{"rendered":"<p>[vc_row full_width=\u00a0\u00bbstretch_row_content\u00a0\u00bb content_placement=\u00a0\u00bbmiddle\u00a0\u00bb custom_svg_color=\u00a0\u00bb#ffffff\u00a0\u00bb el_class=\u00a0\u00bbsgnx-page-header sgnx-page-header-home\u00a0\u00bb css=\u00a0\u00bb.vc_custom_1674811587594{background-position: center !important;background-repeat: no-repeat !important;background-size: cover !important;}\u00a0\u00bb][vc_column el_class=\u00a0\u00bbsg-col-1-row-home\u00a0\u00bb offset=\u00a0\u00bbvc_col-lg-6 vc_col-md-6&Prime;][sgnx_spacer spacer_size=\u00a0\u00bbsgnx-spacer&#8211;md\u00a0\u00bb][sgnx_svg_lines][vc_custom_heading text=\u00a0\u00bbVotre assurance \u00e0 Lyon\u00a0\u00bb font_container=\u00a0\u00bbtag:div|text_align:left\u00a0\u00bb use_theme_fonts=\u00a0\u00bbyes\u00a0\u00bb el_class=\u00a0\u00bbsgnx-surtitle text-color-primary sgnx-surtitle-uppercase\u00a0\u00bb][vc_custom_heading text=\u00a0\u00bbA la recherche d\u2019une assurance personnalis\u00e9e ?\u00a0\u00bb font_container=\u00a0\u00bbtag:h1|text_align:left\u00a0\u00bb use_theme_fonts=\u00a0\u00bbyes\u00a0\u00bb][vc_column_text]Bienvenue sur Agence Assurances, votre courtier en assurance de confiance ! Prot\u00e9ger ce qui vous est cher est notre priorit\u00e9. Nous [&hellip;]<\/p>\n","protected":false},"author":1,"featured_media":0,"parent":0,"menu_order":0,"comment_status":"closed","ping_status":"closed","template":"","meta":[],"yoast_head":"<!-- This site is optimized with the Yoast SEO plugin v16.2 - https:\/\/yoast.com\/wordpress\/plugins\/seo\/ -->\n<title>Accueil - Netvox - Courtier 5<\/title>\n<meta name=\"robots\" content=\"index, follow, max-snippet:-1, max-image-preview:large, max-video-preview:-1\" \/>\n<link rel=\"canonical\" href=\"https:\/\/www.datastore-5.com\/netvox-courtier-5\/\" \/>\n<meta property=\"og:locale\" content=\"fr_FR\" \/>\n<meta property=\"og:type\" content=\"article\" \/>\n<meta property=\"og:title\" content=\"Accueil - Netvox - Courtier 5\" \/>\n<meta property=\"og:description\" content=\"[vc_row full_width=\u00a0\u00bbstretch_row_content\u00a0\u00bb content_placement=\u00a0\u00bbmiddle\u00a0\u00bb custom_svg_color=\u00a0\u00bb#ffffff\u00a0\u00bb el_class=\u00a0\u00bbsgnx-page-header sgnx-page-header-home\u00a0\u00bb css=\u00a0\u00bb.vc_custom_1674811587594{background-position: center !important;background-repeat: no-repeat !important;background-size: cover !important;}\u00a0\u00bb][vc_column el_class=\u00a0\u00bbsg-col-1-row-home\u00a0\u00bb offset=\u00a0\u00bbvc_col-lg-6 vc_col-md-6&Prime;][sgnx_spacer spacer_size=\u00a0\u00bbsgnx-spacer&#8211;md\u00a0\u00bb][sgnx_svg_lines][vc_custom_heading text=\u00a0\u00bbVotre assurance \u00e0 Lyon\u00a0\u00bb font_container=\u00a0\u00bbtag:div|text_align:left\u00a0\u00bb use_theme_fonts=\u00a0\u00bbyes\u00a0\u00bb el_class=\u00a0\u00bbsgnx-surtitle text-color-primary sgnx-surtitle-uppercase\u00a0\u00bb][vc_custom_heading text=\u00a0\u00bbA la recherche d\u2019une assurance personnalis\u00e9e ?\u00a0\u00bb font_container=\u00a0\u00bbtag:h1|text_align:left\u00a0\u00bb use_theme_fonts=\u00a0\u00bbyes\u00a0\u00bb][vc_column_text]Bienvenue sur Agence Assurances, votre courtier en assurance de confiance ! Prot\u00e9ger ce qui vous est cher est notre priorit\u00e9. Nous [&hellip;]\" \/>\n<meta property=\"og:url\" content=\"https:\/\/www.datastore-5.com\/netvox-courtier-5\/\" \/>\n<meta property=\"og:site_name\" content=\"Netvox - Courtier 5\" \/>\n<meta property=\"article:modified_time\" content=\"2023-08-10T09:10:31+00:00\" \/>\n<meta name=\"twitter:card\" content=\"summary_large_image\" \/>\n<meta name=\"twitter:label1\" content=\"Dur\u00e9e de lecture est.\">\n\t<meta name=\"twitter:data1\" content=\"3 minutes\">\n<script type=\"application\/ld+json\" class=\"yoast-schema-graph\">{\"@context\":\"https:\/\/schema.org\",\"@graph\":[{\"@type\":\"WebSite\",\"@id\":\"https:\/\/www.datastore-5.com\/netvox-courtier-5\/#website\",\"url\":\"https:\/\/www.datastore-5.com\/netvox-courtier-5\/\",\"name\":\"Netvox - Courtier 5\",\"description\":\"Site courtier : template 5\",\"potentialAction\":[{\"@type\":\"SearchAction\",\"target\":\"https:\/\/www.datastore-5.com\/netvox-courtier-5\/?s={search_term_string}\",\"query-input\":\"required name=search_term_string\"}],\"inLanguage\":\"fr-FR\"},{\"@type\":\"WebPage\",\"@id\":\"https:\/\/www.datastore-5.com\/netvox-courtier-5\/#webpage\",\"url\":\"https:\/\/www.datastore-5.com\/netvox-courtier-5\/\",\"name\":\"Accueil - Netvox - Courtier 5\",\"isPartOf\":{\"@id\":\"https:\/\/www.datastore-5.com\/netvox-courtier-5\/#website\"},\"datePublished\":\"2020-08-13T09:48:27+00:00\",\"dateModified\":\"2023-08-10T09:10:31+00:00\",\"breadcrumb\":{\"@id\":\"https:\/\/www.datastore-5.com\/netvox-courtier-5\/#breadcrumb\"},\"inLanguage\":\"fr-FR\",\"potentialAction\":[{\"@type\":\"ReadAction\",\"target\":[\"https:\/\/www.datastore-5.com\/netvox-courtier-5\/\"]}]},{\"@type\":\"BreadcrumbList\",\"@id\":\"https:\/\/www.datastore-5.com\/netvox-courtier-5\/#breadcrumb\",\"itemListElement\":[{\"@type\":\"ListItem\",\"position\":1,\"item\":{\"@type\":\"WebPage\",\"@id\":\"https:\/\/www.datastore-5.com\/netvox-courtier-5\/\",\"url\":\"https:\/\/www.datastore-5.com\/netvox-courtier-5\/\",\"name\":\"home\"}},{\"@type\":\"ListItem\",\"position\":2,\"item\":{\"@id\":\"https:\/\/www.datastore-5.com\/netvox-courtier-5\/#webpage\"}}]}]}<\/script>\n<!-- \/ Yoast SEO plugin. -->","_links":{"self":[{"href":"https:\/\/www.datastore-5.com\/netvox-courtier-5\/wp-json\/wp\/v2\/pages\/22"}],"collection":[{"href":"https:\/\/www.datastore-5.com\/netvox-courtier-5\/wp-json\/wp\/v2\/pages"}],"about":[{"href":"https:\/\/www.datastore-5.com\/netvox-courtier-5\/wp-json\/wp\/v2\/types\/page"}],"author":[{"embeddable":true,"href":"https:\/\/www.datastore-5.com\/netvox-courtier-5\/wp-json\/wp\/v2\/users\/1"}],"replies":[{"embeddable":true,"href":"https:\/\/www.datastore-5.com\/netvox-courtier-5\/wp-json\/wp\/v2\/comments?post=22"}],"version-history":[{"count":190,"href":"https:\/\/www.datastore-5.com\/netvox-courtier-5\/wp-json\/wp\/v2\/pages\/22\/revisions"}],"predecessor-version":[{"id":5586,"href":"https:\/\/www.datastore-5.com\/netvox-courtier-5\/wp-json\/wp\/v2\/pages\/22\/revisions\/5586"}],"wp:attachment":[{"href":"https:\/\/www.datastore-5.com\/netvox-courtier-5\/wp-json\/wp\/v2\/media?parent=22"}],"curies":[{"name":"wp","href":"https:\/\/api.w.org\/{rel}","templated":true}]}}