{"id":158,"date":"2020-08-19T10:32:56","date_gmt":"2020-08-19T08:32:56","guid":{"rendered":"http:\/\/www.datastore-5.com\/netvox-courtier-5\/?page_id=158"},"modified":"2023-05-11T16:11:02","modified_gmt":"2023-05-11T14:11:02","slug":"nos-offres","status":"publish","type":"page","link":"https:\/\/www.datastore-5.com\/netvox-courtier-5\/nos-offres\/","title":{"rendered":"Nos offres"},"content":{"rendered":"<p>[vc_row full_width=\u00a0\u00bbstretch_row\u00a0\u00bb bg_color_overlay=\u00a0\u00bbdark-gradient\u00a0\u00bb add_svg_overlay=\u00a0\u00bbtrue\u00a0\u00bb custom_svg_color=\u00a0\u00bb#ffffff\u00a0\u00bb el_class=\u00a0\u00bbsgnx-page-header sgnx-page-header-tmp\u00a0\u00bb css=\u00a0\u00bb.vc_custom_1676649317770{background: rgba(0,0,0,0.68) url(http:\/\/www.datastore-5.com\/netvox-courtier-5\/wp-content\/uploads\/2021\/02\/header-devis.jpg?id=1172) !important;background-position: center !important;background-repeat: no-repeat !important;background-size: cover !important;*background-color: rgb(0,0,0) !important;}\u00a0\u00bb][vc_column][vc_custom_heading text=\u00a0\u00bbVotre courtier en assurance \u00e0 Lyon\u00a0\u00bb font_container=\u00a0\u00bbtag:div|font_size:18px|text_align:left|color:%23ffffff\u00a0\u00bb use_theme_fonts=\u00a0\u00bbyes\u00a0\u00bb el_class=\u00a0\u00bbsgnx-ttu\u00a0\u00bb][vc_custom_heading source=\u00a0\u00bbpost_title\u00a0\u00bb font_container=\u00a0\u00bbtag:h1|text_align:left|color:%23ffffff\u00a0\u00bb use_theme_fonts=\u00a0\u00bbyes\u00a0\u00bb el_class=\u00a0\u00bbsgnx-fw-700&Prime;][\/vc_column][\/vc_row][vc_row full_width=\u00a0\u00bbstretch_row\u00a0\u00bb custom_svg_color=\u00a0\u00bb#efefef\u00a0\u00bb][vc_column][sgnx_breadcrumb][\/vc_column][\/vc_row][vc_row full_width=\u00a0\u00bbstretch_row\u00a0\u00bb custom_svg_color=\u00a0\u00bb#efefef\u00a0\u00bb][vc_column][sgnx_spacer spacer_size=\u00a0\u00bbsgnx-spacer&#8211;md\u00a0\u00bb][vc_row_inner][vc_column_inner][vc_custom_heading text=\u00a0\u00bbD\u00e9couvrez\u00a0\u00bb font_container=\u00a0\u00bbtag:div|text_align:center\u00a0\u00bb use_theme_fonts=\u00a0\u00bbyes\u00a0\u00bb el_class=\u00a0\u00bbsgnx-surtitle text-color-primary\u00a0\u00bb][vc_custom_heading text=\u00a0\u00bbNos offres particuliers\u00a0\u00bb font_container=\u00a0\u00bbtag:h2|text_align:center\u00a0\u00bb use_theme_fonts=\u00a0\u00bbyes\u00a0\u00bb][sgnx_offer_grid sgnx_filter_ref=\u00a0\u00bbcat\u00a0\u00bb max_items=\u00a0\u00bb-1&Prime; sgnx_template=\u00a0\u00bbtiles-grid-3&Prime; price_on=\u00a0\u00bbtrue\u00a0\u00bb sgnx_filter=\u00a0\u00bbassurances-particuliers\u00a0\u00bb][\/vc_column_inner][\/vc_row_inner][sgnx_spacer spacer_size=\u00a0\u00bbsgnx-spacer&#8211;md\u00a0\u00bb][vc_row_inner][vc_column_inner][vc_custom_heading text=\u00a0\u00bbD\u00e9couvrez\u00a0\u00bb font_container=\u00a0\u00bbtag:div|text_align:center\u00a0\u00bb use_theme_fonts=\u00a0\u00bbyes\u00a0\u00bb el_class=\u00a0\u00bbsgnx-surtitle text-color-primary\u00a0\u00bb][vc_custom_heading text=\u00a0\u00bbNos offres pour professionnels et entreprises\u00a0\u00bb font_container=\u00a0\u00bbtag:h2|text_align:center\u00a0\u00bb use_theme_fonts=\u00a0\u00bbyes\u00a0\u00bb][sgnx_offer_grid sgnx_filter_ref=\u00a0\u00bbcat\u00a0\u00bb max_items=\u00a0\u00bb-1&Prime; sgnx_template=\u00a0\u00bbslider\u00a0\u00bb price_on=\u00a0\u00bbtrue\u00a0\u00bb sgnx_filter=\u00a0\u00bbassurances-professionnels\u00a0\u00bb][\/vc_column_inner][\/vc_row_inner][sgnx_spacer spacer_size=\u00a0\u00bbsgnx-spacer&#8211;md\u00a0\u00bb][\/vc_column][\/vc_row][vc_row full_width=\u00a0\u00bbstretch_row\u00a0\u00bb sgnx_bg_color=\u00a0\u00bbprimary\u00a0\u00bb custom_svg_color=\u00a0\u00bb#3a3a3a\u00a0\u00bb el_class=\u00a0\u00bbbg-gradient-primary\u00a0\u00bb][vc_column][vc_row_inner el_class=\u00a0\u00bbsgnx-row-avantages\u00a0\u00bb][vc_column_inner css=\u00a0\u00bb.vc_custom_1597740135304{margin-bottom: 20px !important;}\u00a0\u00bb][vc_custom_heading text=\u00a0\u00bbPourquoi nous choisir\u00a0\u00bb font_container=\u00a0\u00bbtag:div|text_align:center\u00a0\u00bb use_theme_fonts=\u00a0\u00bbyes\u00a0\u00bb heading_line_color=\u00a0\u00bbdark\u00a0\u00bb heading_line=\u00a0\u00bbtrue\u00a0\u00bb el_class=\u00a0\u00bbsgnx-surtitle text-color-primary-darken\u00a0\u00bb][vc_custom_heading text=\u00a0\u00bbNos avantages clients\u00a0\u00bb font_container=\u00a0\u00bbtag:h2|text_align:center|color:%23ffffff\u00a0\u00bb use_theme_fonts=\u00a0\u00bbyes\u00a0\u00bb heading_line_color=\u00a0\u00bbdark\u00a0\u00bb heading_line=\u00a0\u00bbtrue\u00a0\u00bb][\/vc_column_inner][vc_column_inner width=\u00a0\u00bb1\/4&Prime; offset=\u00a0\u00bbvc_col-xs-6&Prime;][vc_single_image image=\u00a0\u00bb4743&Prime; img_size=\u00a0\u00bbfull\u00a0\u00bb alignment=\u00a0\u00bbcenter\u00a0\u00bb][vc_custom_heading text=\u00a0\u00bbDes offres d&rsquo;assurance personnalisables\u00a0\u00bb font_container=\u00a0\u00bbtag:h3|text_align:center\u00a0\u00bb use_theme_fonts=\u00a0\u00bbyes\u00a0\u00bb el_class=\u00a0\u00bbtext-color-primary-darken h6&Prime;][\/vc_column_inner][vc_column_inner width=\u00a0\u00bb1\/4&Prime; offset=\u00a0\u00bbvc_col-xs-6&Prime;][vc_single_image image=\u00a0\u00bb4742&Prime; img_size=\u00a0\u00bbfull\u00a0\u00bb alignment=\u00a0\u00bbcenter\u00a0\u00bb][vc_custom_heading text=\u00a0\u00bbDes tarifs comp\u00e9titifs et affin\u00e9s\u00a0\u00bb font_container=\u00a0\u00bbtag:h3|text_align:center\u00a0\u00bb use_theme_fonts=\u00a0\u00bbyes\u00a0\u00bb el_class=\u00a0\u00bbtext-color-primary-darken h6&Prime;][\/vc_column_inner][vc_column_inner width=\u00a0\u00bb1\/4&Prime; offset=\u00a0\u00bbvc_col-xs-6&Prime;][vc_single_image image=\u00a0\u00bb4740&Prime; img_size=\u00a0\u00bbfull\u00a0\u00bb alignment=\u00a0\u00bbcenter\u00a0\u00bb][vc_custom_heading text=\u00a0\u00bbDes prises en charge rapides\u00a0\u00bb font_container=\u00a0\u00bbtag:h3|text_align:center\u00a0\u00bb use_theme_fonts=\u00a0\u00bbyes\u00a0\u00bb el_class=\u00a0\u00bbtext-color-primary-darken h6&Prime;][\/vc_column_inner][vc_column_inner width=\u00a0\u00bb1\/4&Prime; offset=\u00a0\u00bbvc_col-xs-6&Prime;][vc_single_image image=\u00a0\u00bb4741&Prime; img_size=\u00a0\u00bbfull\u00a0\u00bb alignment=\u00a0\u00bbcenter\u00a0\u00bb][vc_custom_heading text=\u00a0\u00bbUne assistance compl\u00e8te et renforc\u00e9e\u00a0\u00bb font_container=\u00a0\u00bbtag:h3|text_align:center|color:%23ffffff\u00a0\u00bb use_theme_fonts=\u00a0\u00bbyes\u00a0\u00bb el_class=\u00a0\u00bbtext-color-primary-darken h6&Prime;][\/vc_column_inner][\/vc_row_inner][\/vc_column][\/vc_row][vc_row][vc_column][sgnx_spacer spacer_size=\u00a0\u00bbsgnx-spacer&#8211;md\u00a0\u00bb][vc_row_inner][vc_column_inner el_class=\u00a0\u00bbsgnx-col-limited-w\u00a0\u00bb width=\u00a0\u00bb1\/2&Prime;][vc_single_image image=\u00a0\u00bb72&Prime; img_size=\u00a0\u00bbfull\u00a0\u00bb][\/vc_column_inner][vc_column_inner width=\u00a0\u00bb1\/2&Prime;][vc_custom_heading text=\u00a0\u00bbTrouvez la meilleure offre au meilleur prix gr\u00e2ce \u00e0 nos experts\u00a0\u00bb use_theme_fonts=\u00a0\u00bbyes\u00a0\u00bb][vc_column_text]Notre \u00e9quipe de courtiers exp\u00e9riment\u00e9s travaille en \u00e9troite collaboration avec les principaux assureurs pour vous proposer une gamme compl\u00e8te de produits d&rsquo;assurance, et ainsi r\u00e9pondre \u00e0 tous vos besoins.<\/p>\n<p>Que vous recherchiez une assurance auto, habitation, sant\u00e9, vie ou entreprise, nous avons la solution qui vous convient.\u00a0Notre objectif ? Comprendre vos besoins en mati\u00e8re d&rsquo;assurance pour vous aider \u00e0 trouver les produits les mieux adapt\u00e9s \u00e0 votre situation.<\/p>\n<p>Nous sommes convaincus que notre expertise et notre exp\u00e9rience dans le domaine de l&rsquo;assurance nous permettent de vous offrir les meilleures offres disponibles sur le march\u00e9. Nous nous engageons \u00e0 vous fournir un service professionnel, transparent et personnalis\u00e9 pour r\u00e9pondre \u00e0 vos besoins sp\u00e9cifiques.[\/vc_column_text][\/vc_column_inner][\/vc_row_inner][sgnx_spacer spacer_size=\u00a0\u00bbsgnx-spacer&#8211;lg\u00a0\u00bb][\/vc_column][\/vc_row]<\/p>\n","protected":false},"excerpt":{"rendered":"<p>[vc_row full_width=\u00a0\u00bbstretch_row\u00a0\u00bb bg_color_overlay=\u00a0\u00bbdark-gradient\u00a0\u00bb add_svg_overlay=\u00a0\u00bbtrue\u00a0\u00bb custom_svg_color=\u00a0\u00bb#ffffff\u00a0\u00bb el_class=\u00a0\u00bbsgnx-page-header sgnx-page-header-tmp\u00a0\u00bb css=\u00a0\u00bb.vc_custom_1676649317770{background: rgba(0,0,0,0.68) url(http:\/\/www.datastore-5.com\/netvox-courtier-5\/wp-content\/uploads\/2021\/02\/header-devis.jpg?id=1172) !important;background-position: center !important;background-repeat: no-repeat !important;background-size: cover !important;*background-color: rgb(0,0,0) !important;}\u00a0\u00bb][vc_column][vc_custom_heading text=\u00a0\u00bbVotre courtier en assurance \u00e0 Lyon\u00a0\u00bb font_container=\u00a0\u00bbtag:div|font_size:18px|text_align:left|color:%23ffffff\u00a0\u00bb use_theme_fonts=\u00a0\u00bbyes\u00a0\u00bb el_class=\u00a0\u00bbsgnx-ttu\u00a0\u00bb][vc_custom_heading source=\u00a0\u00bbpost_title\u00a0\u00bb font_container=\u00a0\u00bbtag:h1|text_align:left|color:%23ffffff\u00a0\u00bb use_theme_fonts=\u00a0\u00bbyes\u00a0\u00bb el_class=\u00a0\u00bbsgnx-fw-700&Prime;][\/vc_column][\/vc_row][vc_row full_width=\u00a0\u00bbstretch_row\u00a0\u00bb custom_svg_color=\u00a0\u00bb#efefef\u00a0\u00bb][vc_column][sgnx_breadcrumb][\/vc_column][\/vc_row][vc_row full_width=\u00a0\u00bbstretch_row\u00a0\u00bb custom_svg_color=\u00a0\u00bb#efefef\u00a0\u00bb][vc_column][sgnx_spacer spacer_size=\u00a0\u00bbsgnx-spacer&#8211;md\u00a0\u00bb][vc_row_inner][vc_column_inner][vc_custom_heading text=\u00a0\u00bbD\u00e9couvrez\u00a0\u00bb font_container=\u00a0\u00bbtag:div|text_align:center\u00a0\u00bb use_theme_fonts=\u00a0\u00bbyes\u00a0\u00bb el_class=\u00a0\u00bbsgnx-surtitle text-color-primary\u00a0\u00bb][vc_custom_heading text=\u00a0\u00bbNos offres particuliers\u00a0\u00bb font_container=\u00a0\u00bbtag:h2|text_align:center\u00a0\u00bb use_theme_fonts=\u00a0\u00bbyes\u00a0\u00bb][sgnx_offer_grid sgnx_filter_ref=\u00a0\u00bbcat\u00a0\u00bb max_items=\u00a0\u00bb-1&Prime; sgnx_template=\u00a0\u00bbtiles-grid-3&Prime; price_on=\u00a0\u00bbtrue\u00a0\u00bb sgnx_filter=\u00a0\u00bbassurances-particuliers\u00a0\u00bb][\/vc_column_inner][\/vc_row_inner][sgnx_spacer spacer_size=\u00a0\u00bbsgnx-spacer&#8211;md\u00a0\u00bb][vc_row_inner][vc_column_inner][vc_custom_heading text=\u00a0\u00bbD\u00e9couvrez\u00a0\u00bb font_container=\u00a0\u00bbtag:div|text_align:center\u00a0\u00bb [&hellip;]<\/p>\n","protected":false},"author":1,"featured_media":0,"parent":0,"menu_order":0,"comment_status":"closed","ping_status":"closed","template":"","meta":[],"yoast_head":"<!-- This site is optimized with the Yoast SEO plugin v16.2 - https:\/\/yoast.com\/wordpress\/plugins\/seo\/ -->\n<title>Nos offres - Netvox - Courtier 5<\/title>\n<meta name=\"robots\" content=\"index, follow, max-snippet:-1, max-image-preview:large, max-video-preview:-1\" \/>\n<link rel=\"canonical\" href=\"http:\/\/www.datastore-5.com\/netvox-courtier-5\/nos-offres\/\" \/>\n<meta property=\"og:locale\" content=\"fr_FR\" \/>\n<meta property=\"og:type\" content=\"article\" \/>\n<meta property=\"og:title\" content=\"Nos offres - Netvox - Courtier 5\" \/>\n<meta property=\"og:description\" content=\"[vc_row full_width=\u00a0\u00bbstretch_row\u00a0\u00bb bg_color_overlay=\u00a0\u00bbdark-gradient\u00a0\u00bb add_svg_overlay=\u00a0\u00bbtrue\u00a0\u00bb custom_svg_color=\u00a0\u00bb#ffffff\u00a0\u00bb el_class=\u00a0\u00bbsgnx-page-header sgnx-page-header-tmp\u00a0\u00bb css=\u00a0\u00bb.vc_custom_1676649317770{background: rgba(0,0,0,0.68) url(http:\/\/www.datastore-5.com\/netvox-courtier-5\/wp-content\/uploads\/2021\/02\/header-devis.jpg?id=1172) !important;background-position: center !important;background-repeat: no-repeat !important;background-size: cover !important;*background-color: rgb(0,0,0) !important;}\u00a0\u00bb][vc_column][vc_custom_heading text=\u00a0\u00bbVotre courtier en assurance \u00e0 Lyon\u00a0\u00bb font_container=\u00a0\u00bbtag:div|font_size:18px|text_align:left|color:%23ffffff\u00a0\u00bb use_theme_fonts=\u00a0\u00bbyes\u00a0\u00bb el_class=\u00a0\u00bbsgnx-ttu\u00a0\u00bb][vc_custom_heading source=\u00a0\u00bbpost_title\u00a0\u00bb font_container=\u00a0\u00bbtag:h1|text_align:left|color:%23ffffff\u00a0\u00bb use_theme_fonts=\u00a0\u00bbyes\u00a0\u00bb el_class=\u00a0\u00bbsgnx-fw-700&Prime;][\/vc_column][\/vc_row][vc_row full_width=\u00a0\u00bbstretch_row\u00a0\u00bb custom_svg_color=\u00a0\u00bb#efefef\u00a0\u00bb][vc_column][sgnx_breadcrumb][\/vc_column][\/vc_row][vc_row full_width=\u00a0\u00bbstretch_row\u00a0\u00bb custom_svg_color=\u00a0\u00bb#efefef\u00a0\u00bb][vc_column][sgnx_spacer spacer_size=\u00a0\u00bbsgnx-spacer&#8211;md\u00a0\u00bb][vc_row_inner][vc_column_inner][vc_custom_heading text=\u00a0\u00bbD\u00e9couvrez\u00a0\u00bb font_container=\u00a0\u00bbtag:div|text_align:center\u00a0\u00bb use_theme_fonts=\u00a0\u00bbyes\u00a0\u00bb el_class=\u00a0\u00bbsgnx-surtitle text-color-primary\u00a0\u00bb][vc_custom_heading text=\u00a0\u00bbNos offres particuliers\u00a0\u00bb font_container=\u00a0\u00bbtag:h2|text_align:center\u00a0\u00bb use_theme_fonts=\u00a0\u00bbyes\u00a0\u00bb][sgnx_offer_grid sgnx_filter_ref=\u00a0\u00bbcat\u00a0\u00bb max_items=\u00a0\u00bb-1&Prime; sgnx_template=\u00a0\u00bbtiles-grid-3&Prime; price_on=\u00a0\u00bbtrue\u00a0\u00bb sgnx_filter=\u00a0\u00bbassurances-particuliers\u00a0\u00bb][\/vc_column_inner][\/vc_row_inner][sgnx_spacer spacer_size=\u00a0\u00bbsgnx-spacer&#8211;md\u00a0\u00bb][vc_row_inner][vc_column_inner][vc_custom_heading text=\u00a0\u00bbD\u00e9couvrez\u00a0\u00bb font_container=\u00a0\u00bbtag:div|text_align:center\u00a0\u00bb [&hellip;]\" \/>\n<meta property=\"og:url\" content=\"http:\/\/www.datastore-5.com\/netvox-courtier-5\/nos-offres\/\" \/>\n<meta property=\"og:site_name\" content=\"Netvox - Courtier 5\" \/>\n<meta property=\"article:modified_time\" content=\"2023-05-11T14:11:02+00:00\" \/>\n<meta name=\"twitter:card\" content=\"summary_large_image\" \/>\n<meta name=\"twitter:label1\" content=\"Dur\u00e9e de lecture est.\">\n\t<meta name=\"twitter:data1\" content=\"2 minutes\">\n<script type=\"application\/ld+json\" class=\"yoast-schema-graph\">{\"@context\":\"https:\/\/schema.org\",\"@graph\":[{\"@type\":\"WebSite\",\"@id\":\"https:\/\/www.datastore-5.com\/netvox-courtier-5\/#website\",\"url\":\"https:\/\/www.datastore-5.com\/netvox-courtier-5\/\",\"name\":\"Netvox - Courtier 5\",\"description\":\"Site courtier : template 5\",\"potentialAction\":[{\"@type\":\"SearchAction\",\"target\":\"https:\/\/www.datastore-5.com\/netvox-courtier-5\/?s={search_term_string}\",\"query-input\":\"required name=search_term_string\"}],\"inLanguage\":\"fr-FR\"},{\"@type\":\"WebPage\",\"@id\":\"http:\/\/www.datastore-5.com\/netvox-courtier-5\/nos-offres\/#webpage\",\"url\":\"http:\/\/www.datastore-5.com\/netvox-courtier-5\/nos-offres\/\",\"name\":\"Nos offres - Netvox - Courtier 5\",\"isPartOf\":{\"@id\":\"https:\/\/www.datastore-5.com\/netvox-courtier-5\/#website\"},\"datePublished\":\"2020-08-19T08:32:56+00:00\",\"dateModified\":\"2023-05-11T14:11:02+00:00\",\"breadcrumb\":{\"@id\":\"http:\/\/www.datastore-5.com\/netvox-courtier-5\/nos-offres\/#breadcrumb\"},\"inLanguage\":\"fr-FR\",\"potentialAction\":[{\"@type\":\"ReadAction\",\"target\":[\"http:\/\/www.datastore-5.com\/netvox-courtier-5\/nos-offres\/\"]}]},{\"@type\":\"BreadcrumbList\",\"@id\":\"http:\/\/www.datastore-5.com\/netvox-courtier-5\/nos-offres\/#breadcrumb\",\"itemListElement\":[{\"@type\":\"ListItem\",\"position\":1,\"item\":{\"@type\":\"WebPage\",\"@id\":\"https:\/\/www.datastore-5.com\/netvox-courtier-5\/\",\"url\":\"https:\/\/www.datastore-5.com\/netvox-courtier-5\/\",\"name\":\"home\"}},{\"@type\":\"ListItem\",\"position\":2,\"item\":{\"@id\":\"http:\/\/www.datastore-5.com\/netvox-courtier-5\/nos-offres\/#webpage\"}}]}]}<\/script>\n<!-- \/ Yoast SEO plugin. -->","_links":{"self":[{"href":"https:\/\/www.datastore-5.com\/netvox-courtier-5\/wp-json\/wp\/v2\/pages\/158"}],"collection":[{"href":"https:\/\/www.datastore-5.com\/netvox-courtier-5\/wp-json\/wp\/v2\/pages"}],"about":[{"href":"https:\/\/www.datastore-5.com\/netvox-courtier-5\/wp-json\/wp\/v2\/types\/page"}],"author":[{"embeddable":true,"href":"https:\/\/www.datastore-5.com\/netvox-courtier-5\/wp-json\/wp\/v2\/users\/1"}],"replies":[{"embeddable":true,"href":"https:\/\/www.datastore-5.com\/netvox-courtier-5\/wp-json\/wp\/v2\/comments?post=158"}],"version-history":[{"count":31,"href":"https:\/\/www.datastore-5.com\/netvox-courtier-5\/wp-json\/wp\/v2\/pages\/158\/revisions"}],"predecessor-version":[{"id":5544,"href":"https:\/\/www.datastore-5.com\/netvox-courtier-5\/wp-json\/wp\/v2\/pages\/158\/revisions\/5544"}],"wp:attachment":[{"href":"https:\/\/www.datastore-5.com\/netvox-courtier-5\/wp-json\/wp\/v2\/media?parent=158"}],"curies":[{"name":"wp","href":"https:\/\/api.w.org\/{rel}","templated":true}]}}