{"id":1074,"date":"2021-02-09T15:38:07","date_gmt":"2021-02-09T14:38:07","guid":{"rendered":"http:\/\/www.datastore-5.com\/netvox-courtier-5\/?page_id=1074"},"modified":"2023-05-11T15:35:26","modified_gmt":"2023-05-11T13:35:26","slug":"demander-un-devis","status":"publish","type":"page","link":"http:\/\/www.datastore-5.com\/netvox-courtier-5\/demander-un-devis\/","title":{"rendered":"Demander un devis"},"content":{"rendered":"<p>[vc_row full_width=\u00a0\u00bbstretch_row\u00a0\u00bb bg_color_overlay=\u00a0\u00bbdark-gradient\u00a0\u00bb add_svg_overlay=\u00a0\u00bbtrue\u00a0\u00bb custom_svg_color=\u00a0\u00bb#ffffff\u00a0\u00bb el_class=\u00a0\u00bbsgnx-page-header sgnx-page-header-tmp\u00a0\u00bb css=\u00a0\u00bb.vc_custom_1676649317770{background: rgba(0,0,0,0.68) url(http:\/\/www.datastore-5.com\/netvox-courtier-5\/wp-content\/uploads\/2021\/02\/header-devis.jpg?id=1172) !important;background-position: center !important;background-repeat: no-repeat !important;background-size: cover !important;*background-color: rgb(0,0,0) !important;}\u00a0\u00bb][vc_column][vc_custom_heading text=\u00a0\u00bbTrouvez une assurance adapt\u00e9e \u00e0 vos besoins et aux meilleur prix\u00a0\u00bb font_container=\u00a0\u00bbtag:div|font_size:18px|text_align:left|color:%23ffffff\u00a0\u00bb use_theme_fonts=\u00a0\u00bbyes\u00a0\u00bb el_class=\u00a0\u00bbsgnx-ttu\u00a0\u00bb][vc_custom_heading source=\u00a0\u00bbpost_title\u00a0\u00bb font_container=\u00a0\u00bbtag:h1|text_align:left|color:%23ffffff\u00a0\u00bb use_theme_fonts=\u00a0\u00bbyes\u00a0\u00bb el_class=\u00a0\u00bbsgnx-fw-700&Prime;][\/vc_column][\/vc_row][vc_row full_width=\u00a0\u00bbstretch_row\u00a0\u00bb custom_svg_color=\u00a0\u00bb#efefef\u00a0\u00bb][vc_column][sgnx_breadcrumb][sgnx_spacer spacer_size=\u00a0\u00bbsgnx-spacer&#8211;sm\u00a0\u00bb][\/vc_column][\/vc_row][vc_row full_width=\u00a0\u00bbstretch_row\u00a0\u00bb custom_svg_color=\u00a0\u00bb#efefef\u00a0\u00bb][vc_column width=\u00a0\u00bb1\/2&Prime;][vc_custom_heading text=\u00a0\u00bbAgence Assurances,<br \/>\nvotre sp\u00e9cialiste de l&rsquo;assurance personnalis\u00e9e\u00a0\u00bb use_theme_fonts=\u00a0\u00bbyes\u00a0\u00bb][\/vc_column][vc_column width=\u00a0\u00bb1\/2&Prime;][vc_column_text]Nous comprenons l&rsquo;importance de prot\u00e9ger ce qui vous est cher, que ce soit votre maison, votre voiture, votre entreprise ou vous-m\u00eame. Pour vous aider \u00e0 obtenir une assurance sur mesure qui correspond \u00e0 vos besoins, nous vous invitons \u00e0 remplir le formulaire ci-dessous pour recevoir un devis gratuit.<\/p>\n<p>Notre \u00e9quipe d&rsquo;experts en assurance se tient pr\u00eate \u00e0 vous offrir un service personnalis\u00e9 et \u00e0 r\u00e9pondre \u00e0 toutes vos questions. Nous vous garantissons une approche transparente, professionnelle et rapide pour vous aider \u00e0 obtenir la couverture d&rsquo;assurance adapt\u00e9e \u00e0 votre situation.[\/vc_column_text][\/vc_column][\/vc_row][vc_row full_width=\u00a0\u00bbstretch_row\u00a0\u00bb custom_svg_color=\u00a0\u00bb#efefef\u00a0\u00bb][vc_column][sgnx_spacer spacer_size=\u00a0\u00bbsgnx-spacer&#8211;md\u00a0\u00bb][\/vc_column][\/vc_row][vc_row full_width=\u00a0\u00bbstretch_row\u00a0\u00bb sgnx_bg_color=\u00a0\u00bblight\u00a0\u00bb][vc_column el_class=\u00a0\u00bbsgnx-bg-color-light-inner\u00a0\u00bb css=\u00a0\u00bb.vc_custom_1676393437325{margin-top: -50px !important;padding-right: 30px !important;padding-left: 30px !important;}\u00a0\u00bb][sgnx_spacer spacer_size=\u00a0\u00bbsgnx-spacer&#8211;sm\u00a0\u00bb][sgnx_spacer spacer_size=\u00a0\u00bbsgnx-spacer&#8211;sm\u00a0\u00bb][vc_custom_heading text=\u00a0\u00bbDites-nous en plus, et nous reviendrons vers vous au plus vite !\u00a0\u00bb font_container=\u00a0\u00bbtag:div|text_align:center\u00a0\u00bb use_theme_fonts=\u00a0\u00bbyes\u00a0\u00bb heading_line_position=\u00a0\u00bbside\u00a0\u00bb heading_line=\u00a0\u00bbtrue\u00a0\u00bb el_class=\u00a0\u00bbsgnx-surtitle text-color-primary\u00a0\u00bb][vc_custom_heading text=\u00a0\u00bbDemander un devis\u00a0\u00bb font_container=\u00a0\u00bbtag:h2|text_align:center\u00a0\u00bb use_theme_fonts=\u00a0\u00bbyes\u00a0\u00bb heading_line_position=\u00a0\u00bbside\u00a0\u00bb heading_line=\u00a0\u00bbtrue\u00a0\u00bb]<div role=\"form\" class=\"wpcf7\" id=\"wpcf7-f4826-o1\" lang=\"fr-FR\" dir=\"ltr\">\n<div class=\"screen-reader-response\"><p role=\"status\" aria-live=\"polite\" aria-atomic=\"true\"><\/p> <ul><\/ul><\/div>\n<form action=\"\/netvox-courtier-5\/wp-json\/wp\/v2\/pages\/1074#wpcf7-f4826-o1\" method=\"post\" class=\"wpcf7-form init cf7mls-no-scroll cf7mls-no-moving-animation\" novalidate=\"novalidate\" data-status=\"init\">\n<div style=\"display: none;\">\n<input type=\"hidden\" name=\"_wpcf7\" value=\"4826\" \/>\n<input type=\"hidden\" name=\"_wpcf7_version\" value=\"5.4.1\" \/>\n<input type=\"hidden\" name=\"_wpcf7_locale\" value=\"fr_FR\" \/>\n<input type=\"hidden\" name=\"_wpcf7_unit_tag\" value=\"wpcf7-f4826-o1\" \/>\n<input type=\"hidden\" name=\"_wpcf7_container_post\" value=\"0\" \/>\n<input type=\"hidden\" name=\"_wpcf7_posted_data_hash\" value=\"\" \/>\n<input type=\"hidden\" name=\"_wpcf7cf_hidden_group_fields\" value=\"\" \/>\n<input type=\"hidden\" name=\"_wpcf7cf_hidden_groups\" value=\"\" \/>\n<input type=\"hidden\" name=\"_wpcf7cf_visible_groups\" value=\"\" \/>\n<input type=\"hidden\" name=\"_wpcf7cf_repeaters\" value=\"[]\" \/>\n<input type=\"hidden\" name=\"_wpcf7cf_steps\" value=\"{}\" \/>\n<input type=\"hidden\" name=\"_wpcf7cf_options\" value=\"{&quot;form_id&quot;:4826,&quot;conditions&quot;:[{&quot;then_field&quot;:&quot;is-particulier&quot;,&quot;and_rules&quot;:[{&quot;if_field&quot;:&quot;menu-922&quot;,&quot;operator&quot;:&quot;equals&quot;,&quot;if_value&quot;:&quot;Particulier&quot;}]},{&quot;then_field&quot;:&quot;is-professionnal&quot;,&quot;and_rules&quot;:[{&quot;if_field&quot;:&quot;menu-922&quot;,&quot;operator&quot;:&quot;equals&quot;,&quot;if_value&quot;:&quot;Professionnel&quot;}]}],&quot;settings&quot;:{&quot;animation&quot;:&quot;yes&quot;,&quot;animation_intime&quot;:200,&quot;animation_outtime&quot;:200,&quot;conditions_ui&quot;:&quot;normal&quot;,&quot;notice_dismissed&quot;:false}}\" \/>\n<\/div>\n<div class=\"sgngx-form-rdv\">\n<div class=\"row sgngx-form-bg-light\">\n<div class=\"col-12 col-md-6\">\n<div class=\"form-group\">\n\t\t<span class=\"wpcf7-form-control-wrap menu-922\"><select name=\"menu-922\" class=\"wpcf7-form-control wpcf7-select wpcf7-validates-as-required form-control\" id=\"sgnx-form-selectable-1\" aria-required=\"true\" aria-invalid=\"false\"><option value=\"Professionnel\">Professionnel<\/option><option value=\"Particulier\">Particulier<\/option><\/select><\/span><label for=\"sgnx-form-selectable-1\">Professionnel ou particulier <span class=\"req\">*<\/span><\/label>\n\t<\/div>\n<div data-id=\"is-particulier\" data-orig_data_id=\"is-particulier\"  data-class=\"wpcf7cf_group\">\n<div class=\"form-group\"><span class=\"wpcf7-form-control-wrap menu-part\"><select name=\"menu-part\" class=\"wpcf7-form-control wpcf7-select wpcf7-validates-as-required form-control\" id=\"sgnx-form-selectable-2\" aria-required=\"true\" aria-invalid=\"false\"><option value=\"Assurance auto\">Assurance auto<\/option><option value=\"Assurance chiens chats\">Assurance chiens chats<\/option><option value=\"Assurance habitation\">Assurance habitation<\/option><option value=\"Assurance 2 roues\">Assurance 2 roues<\/option><option value=\"Assurance pr\u00e9voyance\">Assurance pr\u00e9voyance<\/option><option value=\"Assurance sant\u00e9\">Assurance sant\u00e9<\/option><\/select><\/span><label for=\"sgnx-form-selectable-2\">Type d'assurance souhait\u00e9 <span class=\"req\">*<\/span><\/label><\/div>\n<\/div>\n<div data-id=\"is-professionnal\" data-orig_data_id=\"is-professionnal\"  data-class=\"wpcf7cf_group\">\n<div class=\"form-group\"><span class=\"wpcf7-form-control-wrap menu-pro\"><select name=\"menu-pro\" class=\"wpcf7-form-control wpcf7-select wpcf7-validates-as-required form-control\" id=\"sgnx-form-selectable-3\" aria-required=\"true\" aria-invalid=\"false\"><option value=\"Multirisque Pro\">Multirisque Pro<\/option><option value=\"Assurance d\u00e9cennale\">Assurance d\u00e9cennale<\/option><option value=\"Assurance Sant\u00e9 TNS\">Assurance Sant\u00e9 TNS<\/option><option value=\"Responsabilit\u00e9 civile\">Responsabilit\u00e9 civile<\/option><\/select><\/span><label for=\"sgnx-form-selectable-2\">Type d'assurance souhait\u00e9 <span class=\"req\">*<\/span><\/label><\/div>\n<\/div>\n<div class=\"form-group\">\n\t\t\t\t<span class=\"wpcf7-form-control-wrap text-448\"><input type=\"text\" name=\"text-448\" value=\"\" size=\"40\" class=\"wpcf7-form-control wpcf7-text wpcf7-validates-as-required form-control\" id=\"sgnx-form-input-prim1\" aria-required=\"true\" aria-invalid=\"false\" \/><\/span><label for=\"sgnx-form-input-prim1\">Nom et pr\u00e9nom <span class=\"req\">*<\/span><\/label>\n\t\t\t<\/div>\n<div class=\"form-group\">\n\t\t\t\t<span class=\"wpcf7-form-control-wrap email-663\"><input type=\"email\" name=\"email-663\" value=\"\" size=\"40\" class=\"wpcf7-form-control wpcf7-text wpcf7-email wpcf7-validates-as-required wpcf7-validates-as-email form-control\" id=\"sgnx-form-input-prim3\" aria-required=\"true\" aria-invalid=\"false\" \/><\/span><label for=\"sgnx-form-input-prim3\">Adresse e-mail <span class=\"req\">*<\/span><\/label>\n\t\t\t<\/div>\n<div class=\"form-group\">\n\t\t\t\t<span class=\"wpcf7-form-control-wrap tel-953\"><input type=\"tel\" name=\"tel-953\" value=\"\" size=\"40\" class=\"wpcf7-form-control wpcf7-text wpcf7-tel wpcf7-validates-as-tel form-control\" id=\"sgnx-form-tel-1\" aria-invalid=\"false\" \/><\/span><label for=\"sgnx-form-tel-1\">N\u00b0 de t\u00e9l\u00e9phone <span class=\"req\">*<\/span><\/label>\n\t\t\t<\/div>\n<\/div>\n<div class=\"col-12 col-md-6\">\n<div class=\"form-group\">\n\t\t\t\t<span class=\"wpcf7-form-control-wrap textarea-221\"><textarea name=\"textarea-221\" cols=\"40\" rows=\"13\" class=\"wpcf7-form-control wpcf7-textarea wpcf7-validates-as-required form-control\" id=\"sgnx-form-input-prim5\" aria-required=\"true\" aria-invalid=\"false\"><\/textarea><\/span><label for=\"sgnx-form-input-prim5\">Votre message <span class=\"req\">*<\/span><\/label>\n\t\t\t<\/div>\n<\/div>\n<div class=\"col-12\">\n<div class=\"form-group\"><span class=\"wpcf7-form-control-wrap upload-file-523\"><input type=\"file\" size=\"40\" class=\"wpcf7-form-control wpcf7-drag-n-drop-file d-none\" aria-invalid=\"false\" multiple=\"multiple\" data-name=\"upload-file-523\" data-type=\"jpeg|jpg|png|pdf\" data-limit=\"5242880\" data-max=\"5\" data-id=\"4826\" accept=\".jpeg, .jpg, .png, .pdf\" \/><\/span><\/div>\n<\/div>\n<\/div>\n<div class=\"text-center\"><input type=\"submit\" value=\"Envoyer votre demande\" class=\"wpcf7-form-control wpcf7-submit vc_btn3 vc_btn3-size-md vc_btn3-shape-square vc_general vc_btn3-style-flat vc_btn3-color-sgnx-primary\" \/><\/div>\n<\/div>\n<input type='hidden' class='wpcf7-pum' value='{\"closepopup\":false,\"closedelay\":0,\"openpopup\":false,\"openpopup_id\":0}' \/><div class=\"wpcf7-response-output\" aria-hidden=\"true\"><\/div><\/form><\/div>[sgnx_spacer spacer_size=\u00a0\u00bbsgnx-spacer&#8211;md\u00a0\u00bb][\/vc_column][\/vc_row]<\/p>\n","protected":false},"excerpt":{"rendered":"<p>[vc_row full_width=\u00a0\u00bbstretch_row\u00a0\u00bb bg_color_overlay=\u00a0\u00bbdark-gradient\u00a0\u00bb add_svg_overlay=\u00a0\u00bbtrue\u00a0\u00bb custom_svg_color=\u00a0\u00bb#ffffff\u00a0\u00bb el_class=\u00a0\u00bbsgnx-page-header sgnx-page-header-tmp\u00a0\u00bb css=\u00a0\u00bb.vc_custom_1676649317770{background: rgba(0,0,0,0.68) url(http:\/\/www.datastore-5.com\/netvox-courtier-5\/wp-content\/uploads\/2021\/02\/header-devis.jpg?id=1172) !important;background-position: center !important;background-repeat: no-repeat !important;background-size: cover !important;*background-color: rgb(0,0,0) !important;}\u00a0\u00bb][vc_column][vc_custom_heading text=\u00a0\u00bbTrouvez une assurance adapt\u00e9e \u00e0 vos besoins et aux meilleur prix\u00a0\u00bb font_container=\u00a0\u00bbtag:div|font_size:18px|text_align:left|color:%23ffffff\u00a0\u00bb use_theme_fonts=\u00a0\u00bbyes\u00a0\u00bb el_class=\u00a0\u00bbsgnx-ttu\u00a0\u00bb][vc_custom_heading source=\u00a0\u00bbpost_title\u00a0\u00bb font_container=\u00a0\u00bbtag:h1|text_align:left|color:%23ffffff\u00a0\u00bb use_theme_fonts=\u00a0\u00bbyes\u00a0\u00bb el_class=\u00a0\u00bbsgnx-fw-700&Prime;][\/vc_column][\/vc_row][vc_row full_width=\u00a0\u00bbstretch_row\u00a0\u00bb custom_svg_color=\u00a0\u00bb#efefef\u00a0\u00bb][vc_column][sgnx_breadcrumb][sgnx_spacer spacer_size=\u00a0\u00bbsgnx-spacer&#8211;sm\u00a0\u00bb][\/vc_column][\/vc_row][vc_row full_width=\u00a0\u00bbstretch_row\u00a0\u00bb custom_svg_color=\u00a0\u00bb#efefef\u00a0\u00bb][vc_column width=\u00a0\u00bb1\/2&Prime;][vc_custom_heading text=\u00a0\u00bbAgence Assurances, votre sp\u00e9cialiste de l&rsquo;assurance personnalis\u00e9e\u00a0\u00bb use_theme_fonts=\u00a0\u00bbyes\u00a0\u00bb][\/vc_column][vc_column width=\u00a0\u00bb1\/2&Prime;][vc_column_text]Nous comprenons l&rsquo;importance de [&hellip;]<\/p>\n","protected":false},"author":2,"featured_media":0,"parent":0,"menu_order":0,"comment_status":"closed","ping_status":"closed","template":"","meta":[],"yoast_head":"<!-- This site is optimized with the Yoast SEO plugin v16.2 - https:\/\/yoast.com\/wordpress\/plugins\/seo\/ -->\n<title>Demander un devis - Netvox - Courtier 5<\/title>\n<meta name=\"robots\" content=\"index, follow, max-snippet:-1, max-image-preview:large, max-video-preview:-1\" \/>\n<link rel=\"canonical\" href=\"http:\/\/www.datastore-5.com\/netvox-courtier-5\/demander-un-devis\/\" \/>\n<meta property=\"og:locale\" content=\"fr_FR\" \/>\n<meta property=\"og:type\" content=\"article\" \/>\n<meta property=\"og:title\" content=\"Demander un devis - Netvox - Courtier 5\" \/>\n<meta property=\"og:description\" content=\"[vc_row full_width=\u00a0\u00bbstretch_row\u00a0\u00bb bg_color_overlay=\u00a0\u00bbdark-gradient\u00a0\u00bb add_svg_overlay=\u00a0\u00bbtrue\u00a0\u00bb custom_svg_color=\u00a0\u00bb#ffffff\u00a0\u00bb el_class=\u00a0\u00bbsgnx-page-header sgnx-page-header-tmp\u00a0\u00bb css=\u00a0\u00bb.vc_custom_1676649317770{background: rgba(0,0,0,0.68) url(http:\/\/www.datastore-5.com\/netvox-courtier-5\/wp-content\/uploads\/2021\/02\/header-devis.jpg?id=1172) !important;background-position: center !important;background-repeat: no-repeat !important;background-size: cover !important;*background-color: rgb(0,0,0) !important;}\u00a0\u00bb][vc_column][vc_custom_heading text=\u00a0\u00bbTrouvez une assurance adapt\u00e9e \u00e0 vos besoins et aux meilleur prix\u00a0\u00bb font_container=\u00a0\u00bbtag:div|font_size:18px|text_align:left|color:%23ffffff\u00a0\u00bb use_theme_fonts=\u00a0\u00bbyes\u00a0\u00bb el_class=\u00a0\u00bbsgnx-ttu\u00a0\u00bb][vc_custom_heading source=\u00a0\u00bbpost_title\u00a0\u00bb font_container=\u00a0\u00bbtag:h1|text_align:left|color:%23ffffff\u00a0\u00bb use_theme_fonts=\u00a0\u00bbyes\u00a0\u00bb el_class=\u00a0\u00bbsgnx-fw-700&Prime;][\/vc_column][\/vc_row][vc_row full_width=\u00a0\u00bbstretch_row\u00a0\u00bb custom_svg_color=\u00a0\u00bb#efefef\u00a0\u00bb][vc_column][sgnx_breadcrumb][sgnx_spacer spacer_size=\u00a0\u00bbsgnx-spacer&#8211;sm\u00a0\u00bb][\/vc_column][\/vc_row][vc_row full_width=\u00a0\u00bbstretch_row\u00a0\u00bb custom_svg_color=\u00a0\u00bb#efefef\u00a0\u00bb][vc_column width=\u00a0\u00bb1\/2&Prime;][vc_custom_heading text=\u00a0\u00bbAgence Assurances, votre sp\u00e9cialiste de l&rsquo;assurance personnalis\u00e9e\u00a0\u00bb use_theme_fonts=\u00a0\u00bbyes\u00a0\u00bb][\/vc_column][vc_column width=\u00a0\u00bb1\/2&Prime;][vc_column_text]Nous comprenons l&rsquo;importance de [&hellip;]\" \/>\n<meta property=\"og:url\" content=\"http:\/\/www.datastore-5.com\/netvox-courtier-5\/demander-un-devis\/\" \/>\n<meta property=\"og:site_name\" content=\"Netvox - Courtier 5\" \/>\n<meta property=\"article:modified_time\" content=\"2023-05-11T13:35:26+00:00\" \/>\n<meta name=\"twitter:card\" content=\"summary_large_image\" \/>\n<meta name=\"twitter:label1\" content=\"Dur\u00e9e de lecture est.\">\n\t<meta name=\"twitter:data1\" content=\"1 minute\">\n<script type=\"application\/ld+json\" class=\"yoast-schema-graph\">{\"@context\":\"https:\/\/schema.org\",\"@graph\":[{\"@type\":\"WebSite\",\"@id\":\"https:\/\/www.datastore-5.com\/netvox-courtier-5\/#website\",\"url\":\"https:\/\/www.datastore-5.com\/netvox-courtier-5\/\",\"name\":\"Netvox - Courtier 5\",\"description\":\"Site courtier : template 5\",\"potentialAction\":[{\"@type\":\"SearchAction\",\"target\":\"https:\/\/www.datastore-5.com\/netvox-courtier-5\/?s={search_term_string}\",\"query-input\":\"required name=search_term_string\"}],\"inLanguage\":\"fr-FR\"},{\"@type\":\"WebPage\",\"@id\":\"http:\/\/www.datastore-5.com\/netvox-courtier-5\/demander-un-devis\/#webpage\",\"url\":\"http:\/\/www.datastore-5.com\/netvox-courtier-5\/demander-un-devis\/\",\"name\":\"Demander un devis - Netvox - Courtier 5\",\"isPartOf\":{\"@id\":\"https:\/\/www.datastore-5.com\/netvox-courtier-5\/#website\"},\"datePublished\":\"2021-02-09T14:38:07+00:00\",\"dateModified\":\"2023-05-11T13:35:26+00:00\",\"breadcrumb\":{\"@id\":\"http:\/\/www.datastore-5.com\/netvox-courtier-5\/demander-un-devis\/#breadcrumb\"},\"inLanguage\":\"fr-FR\",\"potentialAction\":[{\"@type\":\"ReadAction\",\"target\":[\"http:\/\/www.datastore-5.com\/netvox-courtier-5\/demander-un-devis\/\"]}]},{\"@type\":\"BreadcrumbList\",\"@id\":\"http:\/\/www.datastore-5.com\/netvox-courtier-5\/demander-un-devis\/#breadcrumb\",\"itemListElement\":[{\"@type\":\"ListItem\",\"position\":1,\"item\":{\"@type\":\"WebPage\",\"@id\":\"https:\/\/www.datastore-5.com\/netvox-courtier-5\/\",\"url\":\"https:\/\/www.datastore-5.com\/netvox-courtier-5\/\",\"name\":\"home\"}},{\"@type\":\"ListItem\",\"position\":2,\"item\":{\"@id\":\"http:\/\/www.datastore-5.com\/netvox-courtier-5\/demander-un-devis\/#webpage\"}}]}]}<\/script>\n<!-- \/ Yoast SEO plugin. -->","_links":{"self":[{"href":"http:\/\/www.datastore-5.com\/netvox-courtier-5\/wp-json\/wp\/v2\/pages\/1074"}],"collection":[{"href":"http:\/\/www.datastore-5.com\/netvox-courtier-5\/wp-json\/wp\/v2\/pages"}],"about":[{"href":"http:\/\/www.datastore-5.com\/netvox-courtier-5\/wp-json\/wp\/v2\/types\/page"}],"author":[{"embeddable":true,"href":"http:\/\/www.datastore-5.com\/netvox-courtier-5\/wp-json\/wp\/v2\/users\/2"}],"replies":[{"embeddable":true,"href":"http:\/\/www.datastore-5.com\/netvox-courtier-5\/wp-json\/wp\/v2\/comments?post=1074"}],"version-history":[{"count":22,"href":"http:\/\/www.datastore-5.com\/netvox-courtier-5\/wp-json\/wp\/v2\/pages\/1074\/revisions"}],"predecessor-version":[{"id":5525,"href":"http:\/\/www.datastore-5.com\/netvox-courtier-5\/wp-json\/wp\/v2\/pages\/1074\/revisions\/5525"}],"wp:attachment":[{"href":"http:\/\/www.datastore-5.com\/netvox-courtier-5\/wp-json\/wp\/v2\/media?parent=1074"}],"curies":[{"name":"wp","href":"https:\/\/api.w.org\/{rel}","templated":true}]}}